{"id":46,"date":"2026-02-03T13:20:39","date_gmt":"2026-02-03T13:20:39","guid":{"rendered":"https:\/\/homolabulhary.cz\/?page_id=46"},"modified":"2026-02-04T10:51:26","modified_gmt":"2026-02-04T10:51:26","slug":"misto","status":"publish","type":"page","link":"https:\/\/homolabulhary.cz\/?page_id=46","title":{"rendered":"M\u00edsto"},"content":{"rendered":"\n<div style=\"height:100px\" aria-hidden=\"true\" class=\"wp-block-spacer\"><\/div>\n\n\n\n<h1 class=\"wp-block-heading\"><strong>M\u00edsto<\/strong><\/h1>\n\n\n\n<p>V\u00edno v\u017edy vyr\u016fst\u00e1 z konkr\u00e9tn\u00ed krajiny. Z p\u016fdy, sv\u011btla a rytmu roku.<\/p>\n\n\n\n<div style=\"height:50px\" aria-hidden=\"true\" class=\"wp-block-spacer\"><\/div>\n\n\n\n<h2 class=\"wp-block-heading\"><strong>Bulhary<\/strong><\/h2>\n\n\n\n<p>Bulhary a jejich okol\u00ed jsou m\u00edstem, kde se po generace potk\u00e1v\u00e1 pr\u00e1ce ve vinici s respektem k p\u0159\u00edrod\u011b. Vinohrady zde nejsou kulisou, ale \u017eiv\u00fdm organismem, kter\u00fd ur\u010duje charakter v\u00edn i tempo pr\u00e1ce.<\/p>\n\n\n\n<div style=\"height:40px\" aria-hidden=\"true\" class=\"wp-block-spacer\"><\/div>\n\n\n\n<h2 class=\"wp-block-heading\"><strong>Pod P\u00e1lavou<\/strong><\/h2>\n\n\n\n<p><em>Cel\u00e9 pod p\u00e1lav\u00ed vn\u00edm\u00e1m jako rovnocenn\u00e9ho partnera. Naslouch\u00e1m mu, vrac\u00edm se k n\u011bmu v ka\u017ed\u00e9m ro\u010dn\u00edku a nech\u00e1v\u00e1m ho promlouvat skrze v\u00edno.<\/em><\/p>\n\n\n\n<div style=\"height:90px\" aria-hidden=\"true\" class=\"wp-block-spacer\"><\/div>\n\n\n\n<p><\/p>\n","protected":false},"excerpt":{"rendered":"<p>M\u00edsto V\u00edno v\u017edy vyr\u016fst\u00e1 z konkr\u00e9tn\u00ed krajiny. Z p\u016fdy, sv\u011btla a rytmu roku. Bulhary Bulhary a jejich okol\u00ed jsou m\u00edstem, [&hellip;]<\/p>\n","protected":false},"author":1,"featured_media":0,"parent":0,"menu_order":7,"comment_status":"closed","ping_status":"closed","template":"","meta":{"site-sidebar-layout":"default","site-content-layout":"","ast-site-content-layout":"default","site-content-style":"default","site-sidebar-style":"default","ast-global-header-display":"","ast-banner-title-visibility":"","ast-main-header-display":"","ast-hfb-above-header-display":"","ast-hfb-below-header-display":"","ast-hfb-mobile-header-display":"","site-post-title":"disabled","ast-breadcrumbs-content":"","ast-featured-img":"","footer-sml-layout":"","ast-disable-related-posts":"","theme-transparent-header-meta":"","adv-header-id-meta":"","stick-header-meta":"","header-above-stick-meta":"","header-main-stick-meta":"","header-below-stick-meta":"","astra-migrate-meta-layouts":"default","ast-page-background-enabled":"default","ast-page-background-meta":{"desktop":{"background-color":"var(--ast-global-color-5)","background-image":"","background-repeat":"repeat","background-position":"center center","background-size":"auto","background-attachment":"scroll","background-type":"","background-media":"","overlay-type":"","overlay-color":"","overlay-opacity":"","overlay-gradient":""},"tablet":{"background-color":"","background-image":"","background-repeat":"repeat","background-position":"center center","background-size":"auto","background-attachment":"scroll","background-type":"","background-media":"","overlay-type":"","overlay-color":"","overlay-opacity":"","overlay-gradient":""},"mobile":{"background-color":"","background-image":"","background-repeat":"repeat","background-position":"center center","background-size":"auto","background-attachment":"scroll","background-type":"","background-media":"","overlay-type":"","overlay-color":"","overlay-opacity":"","overlay-gradient":""}},"ast-content-background-meta":{"desktop":{"background-color":"var(--ast-global-color-4)","background-image":"","background-repeat":"repeat","background-position":"center center","background-size":"auto","background-attachment":"scroll","background-type":"","background-media":"","overlay-type":"","overlay-color":"","overlay-opacity":"","overlay-gradient":""},"tablet":{"background-color":"var(--ast-global-color-4)","background-image":"","background-repeat":"repeat","background-position":"center center","background-size":"auto","background-attachment":"scroll","background-type":"","background-media":"","overlay-type":"","overlay-color":"","overlay-opacity":"","overlay-gradient":""},"mobile":{"background-color":"var(--ast-global-color-4)","background-image":"","background-repeat":"repeat","background-position":"center center","background-size":"auto","background-attachment":"scroll","background-type":"","background-media":"","overlay-type":"","overlay-color":"","overlay-opacity":"","overlay-gradient":""}},"footnotes":""},"class_list":["post-46","page","type-page","status-publish","hentry"],"_links":{"self":[{"href":"https:\/\/homolabulhary.cz\/index.php?rest_route=\/wp\/v2\/pages\/46","targetHints":{"allow":["GET"]}}],"collection":[{"href":"https:\/\/homolabulhary.cz\/index.php?rest_route=\/wp\/v2\/pages"}],"about":[{"href":"https:\/\/homolabulhary.cz\/index.php?rest_route=\/wp\/v2\/types\/page"}],"author":[{"embeddable":true,"href":"https:\/\/homolabulhary.cz\/index.php?rest_route=\/wp\/v2\/users\/1"}],"replies":[{"embeddable":true,"href":"https:\/\/homolabulhary.cz\/index.php?rest_route=%2Fwp%2Fv2%2Fcomments&post=46"}],"version-history":[{"count":6,"href":"https:\/\/homolabulhary.cz\/index.php?rest_route=\/wp\/v2\/pages\/46\/revisions"}],"predecessor-version":[{"id":85,"href":"https:\/\/homolabulhary.cz\/index.php?rest_route=\/wp\/v2\/pages\/46\/revisions\/85"}],"wp:attachment":[{"href":"https:\/\/homolabulhary.cz\/index.php?rest_route=%2Fwp%2Fv2%2Fmedia&parent=46"}],"curies":[{"name":"wp","href":"https:\/\/api.w.org\/{rel}","templated":true}]}}