{"id":42,"date":"2026-02-03T13:19:35","date_gmt":"2026-02-03T13:19:35","guid":{"rendered":"https:\/\/homolabulhary.cz\/?page_id=42"},"modified":"2026-02-04T10:47:12","modified_gmt":"2026-02-04T10:47:12","slug":"filozofie-vinarstvi","status":"publish","type":"page","link":"https:\/\/homolabulhary.cz\/?page_id=42","title":{"rendered":"Filozofie vina\u0159stv\u00ed"},"content":{"rendered":"\n<div style=\"height:150px\" aria-hidden=\"true\" class=\"wp-block-spacer\"><\/div>\n\n\n\n<h1 class=\"wp-block-heading\"><strong>Filozofie vina\u0159stv\u00ed<\/strong><\/h1>\n\n\n\n<p>V\u00edno se d\u011bl\u00e1 pro lidi.<br>Pro radost, po\u017eitek a chv\u00edle, kter\u00e9 maj\u00ed sv\u016fj v\u00fdznam.<\/p>\n\n\n\n<div style=\"height:25px\" aria-hidden=\"true\" class=\"wp-block-spacer\"><\/div>\n\n\n\n<h2 class=\"wp-block-heading\"><strong>Osobn\u00ed pro\u017eitek<\/strong><\/h2>\n\n\n\n<p>Ka\u017ed\u00fd vn\u00edm\u00e1 v\u00edno jinak.<br>Jinak chutn\u00e1, jinak von\u00ed, jinak se dot\u00fdk\u00e1 pam\u011bti i emoc\u00ed.<br>Neexistuje jeden spr\u00e1vn\u00fd n\u00e1zor \u2013 jen osobn\u00ed pro\u017eitek.<\/p>\n\n\n\n<h2 class=\"wp-block-heading\"><strong>Role vina\u0159e<\/strong><\/h2>\n\n\n\n<p>M\u00fdm \u00fakolem nen\u00ed \u0159\u00edkat, jak\u00e9 v\u00edno m\u00e1 b\u00fdt.<br>Ani p\u0159esv\u011bd\u010dovat, co by m\u011blo jak chutnat.<br>M\u00fdm \u00fakolem je pomoci lidem naj\u00edt v\u00edno, kter\u00e9 je oslov\u00ed pr\u00e1v\u011b v tu chv\u00edli.<\/p>\n\n\n\n<h2 class=\"wp-block-heading\"><strong>Respekt k v\u00ednu a \u010dasu<\/strong><\/h2>\n\n\n\n<p>V\u011b\u0159\u00edm v ticho, \u010das, pozornost.<br>V pr\u00e1ci, kter\u00e1 d\u00e1v\u00e1 v\u00ednu prostor vyv\u00edjet se vlastn\u00edm tempem.<br>V respektu k m\u00edstu, ro\u010dn\u00edku i \u010dlov\u011bku, kter\u00fd v\u00edno m\u00e1 ve sklenici.<\/p>\n\n\n\n<div style=\"height:11px\" aria-hidden=\"true\" class=\"wp-block-spacer\"><\/div>\n\n\n\n<blockquote class=\"wp-block-quote is-layout-flow wp-block-quote-is-layout-flow\">\n<p class=\"has-medium-font-size\"><strong><em>V\u00edno nen\u00ed odpov\u011b\u010f,<br>ale je to pozv\u00e1n\u00ed.<\/em><\/strong><\/p>\n<\/blockquote>\n\n\n\n<p><\/p>\n","protected":false},"excerpt":{"rendered":"<p>Filozofie vina\u0159stv\u00ed V\u00edno se d\u011bl\u00e1 pro lidi.Pro radost, po\u017eitek a chv\u00edle, kter\u00e9 maj\u00ed sv\u016fj v\u00fdznam. Osobn\u00ed pro\u017eitek Ka\u017ed\u00fd vn\u00edm\u00e1 v\u00edno [&hellip;]<\/p>\n","protected":false},"author":1,"featured_media":0,"parent":0,"menu_order":5,"comment_status":"closed","ping_status":"closed","template":"","meta":{"site-sidebar-layout":"default","site-content-layout":"","ast-site-content-layout":"default","site-content-style":"default","site-sidebar-style":"default","ast-global-header-display":"","ast-banner-title-visibility":"","ast-main-header-display":"","ast-hfb-above-header-display":"","ast-hfb-below-header-display":"","ast-hfb-mobile-header-display":"","site-post-title":"disabled","ast-breadcrumbs-content":"","ast-featured-img":"","footer-sml-layout":"","ast-disable-related-posts":"","theme-transparent-header-meta":"","adv-header-id-meta":"","stick-header-meta":"","header-above-stick-meta":"","header-main-stick-meta":"","header-below-stick-meta":"","astra-migrate-meta-layouts":"default","ast-page-background-enabled":"default","ast-page-background-meta":{"desktop":{"background-color":"var(--ast-global-color-5)","background-image":"","background-repeat":"repeat","background-position":"center center","background-size":"auto","background-attachment":"scroll","background-type":"","background-media":"","overlay-type":"","overlay-color":"","overlay-opacity":"","overlay-gradient":""},"tablet":{"background-color":"","background-image":"","background-repeat":"repeat","background-position":"center center","background-size":"auto","background-attachment":"scroll","background-type":"","background-media":"","overlay-type":"","overlay-color":"","overlay-opacity":"","overlay-gradient":""},"mobile":{"background-color":"","background-image":"","background-repeat":"repeat","background-position":"center center","background-size":"auto","background-attachment":"scroll","background-type":"","background-media":"","overlay-type":"","overlay-color":"","overlay-opacity":"","overlay-gradient":""}},"ast-content-background-meta":{"desktop":{"background-color":"var(--ast-global-color-4)","background-image":"","background-repeat":"repeat","background-position":"center center","background-size":"auto","background-attachment":"scroll","background-type":"","background-media":"","overlay-type":"","overlay-color":"","overlay-opacity":"","overlay-gradient":""},"tablet":{"background-color":"var(--ast-global-color-4)","background-image":"","background-repeat":"repeat","background-position":"center center","background-size":"auto","background-attachment":"scroll","background-type":"","background-media":"","overlay-type":"","overlay-color":"","overlay-opacity":"","overlay-gradient":""},"mobile":{"background-color":"var(--ast-global-color-4)","background-image":"","background-repeat":"repeat","background-position":"center center","background-size":"auto","background-attachment":"scroll","background-type":"","background-media":"","overlay-type":"","overlay-color":"","overlay-opacity":"","overlay-gradient":""}},"footnotes":""},"class_list":["post-42","page","type-page","status-publish","hentry"],"_links":{"self":[{"href":"https:\/\/homolabulhary.cz\/index.php?rest_route=\/wp\/v2\/pages\/42","targetHints":{"allow":["GET"]}}],"collection":[{"href":"https:\/\/homolabulhary.cz\/index.php?rest_route=\/wp\/v2\/pages"}],"about":[{"href":"https:\/\/homolabulhary.cz\/index.php?rest_route=\/wp\/v2\/types\/page"}],"author":[{"embeddable":true,"href":"https:\/\/homolabulhary.cz\/index.php?rest_route=\/wp\/v2\/users\/1"}],"replies":[{"embeddable":true,"href":"https:\/\/homolabulhary.cz\/index.php?rest_route=%2Fwp%2Fv2%2Fcomments&post=42"}],"version-history":[{"count":8,"href":"https:\/\/homolabulhary.cz\/index.php?rest_route=\/wp\/v2\/pages\/42\/revisions"}],"predecessor-version":[{"id":79,"href":"https:\/\/homolabulhary.cz\/index.php?rest_route=\/wp\/v2\/pages\/42\/revisions\/79"}],"wp:attachment":[{"href":"https:\/\/homolabulhary.cz\/index.php?rest_route=%2Fwp%2Fv2%2Fmedia&parent=42"}],"curies":[{"name":"wp","href":"https:\/\/api.w.org\/{rel}","templated":true}]}}