{"id":37,"date":"2026-02-03T13:13:21","date_gmt":"2026-02-03T13:13:21","guid":{"rendered":"https:\/\/homolabulhary.cz\/?page_id=37"},"modified":"2026-02-11T14:10:46","modified_gmt":"2026-02-11T14:10:46","slug":"nase-vinarstvi","status":"publish","type":"page","link":"https:\/\/homolabulhary.cz\/?page_id=37","title":{"rendered":"Na\u0161e vina\u0159stv\u00ed"},"content":{"rendered":"\n<div class=\"wp-block-cover winery-page\" style=\"min-height:100vh;aspect-ratio:unset;\"><img loading=\"lazy\" decoding=\"async\" width=\"1536\" height=\"1024\" class=\"wp-block-cover__image-background wp-image-198 size-full\" alt=\"\" src=\"https:\/\/homolabulhary.cz\/wp-content\/uploads\/2026\/02\/ChatGPT-Image-11.-2.-2026-14_27_41.png\" data-object-fit=\"cover\" srcset=\"https:\/\/homolabulhary.cz\/wp-content\/uploads\/2026\/02\/ChatGPT-Image-11.-2.-2026-14_27_41.png 1536w, https:\/\/homolabulhary.cz\/wp-content\/uploads\/2026\/02\/ChatGPT-Image-11.-2.-2026-14_27_41-300x200.png 300w, https:\/\/homolabulhary.cz\/wp-content\/uploads\/2026\/02\/ChatGPT-Image-11.-2.-2026-14_27_41-1024x683.png 1024w, https:\/\/homolabulhary.cz\/wp-content\/uploads\/2026\/02\/ChatGPT-Image-11.-2.-2026-14_27_41-768x512.png 768w\" sizes=\"auto, (max-width: 1536px) 100vw, 1536px\" \/><span aria-hidden=\"true\" class=\"wp-block-cover__background has-background-dim-30 has-background-dim\"><\/span><div class=\"wp-block-cover__inner-container is-layout-constrained wp-block-cover-is-layout-constrained\">\n<div class=\"wp-block-group winery-page__content is-layout-constrained wp-block-group-is-layout-constrained\">\n<h2 class=\"wp-block-heading\">Na\u0161e vina\u0159stv\u00ed<\/h2>\n\n\n\n<p><em>V\u00edno pro m\u011b nikdy nebylo jen n\u00e1poj. Je to pam\u011b\u0165 m\u00edsta, pr\u00e1ce rukou a \u010dasu, kter\u00fd nelze urychlit.<\/em><\/p>\n\n\n\n<h3 class=\"wp-block-heading\">Ko\u0159eny ve vinohradech<\/h3>\n\n\n\n<p>K v\u00ednu m\u011b p\u0159ivedlo d\u011btstv\u00ed mezi vinohrady. V\u016fn\u011b sklepa, hl\u00edna na bot\u00e1ch a ticho \u0159\u00e1dk\u016f r\u00e9vy byly p\u0159irozenou sou\u010d\u00e1st\u00ed ka\u017ed\u00e9ho roku. Je\u0161t\u011b d\u0159\u00edve, ne\u017e jsem nastoupil na vina\u0159skou \u0161kolu do Valtic, jsem za\u010dal pom\u00e1hat v men\u0161\u00edm vina\u0159stv\u00ed, kde jsem poprv\u00e9 nahl\u00e9dl pod pokli\u010dku skute\u010dn\u00e9 v\u00fdroby v\u00edna \u2013 od pr\u00e1ce ve vinici a\u017e po obchod a kontakt s lidmi.<\/p>\n\n\n\n<h3 class=\"wp-block-heading\">Prvn\u00ed vlastn\u00ed kroky<\/h3>\n\n\n\n<p>Ve \u010dtrn\u00e1cti letech jsem doma poprv\u00e9 experimentoval s vlastn\u00edm v\u00ednem a postupn\u011b za\u010dal \u010derpat vina\u0159skou moudrost od star\u0161\u00edch vina\u0159\u016f. V patn\u00e1cti jsem si zvolil st\u0159edn\u00ed vina\u0159skou \u0161kolu a s pomoc\u00ed rodi\u010d\u016f pronajal prvn\u00ed vinohrad. K \u0161estn\u00e1ct\u00fdm narozenin\u00e1m jsem od prarodi\u010d\u016f dostal dal\u0161\u00ed. V t\u00e9 dob\u011b u\u017e bylo jasn\u00e9, \u017ee v\u00edno nebude jen kon\u00ed\u010dkem, ale cestou, kter\u00e1 bude vy\u017eadovat \u010das, trp\u011blivost a pokoru.<\/p>\n\n\n\n<h3 class=\"wp-block-heading\">Zku\u0161enosti doma i v zahrani\u010d\u00ed<\/h3>\n\n\n\n<p>Studium mi otev\u0159elo dve\u0159e jak k tuzemsk\u00fdm vina\u0159sk\u00fdm mistr\u016fm, tak i do zahrani\u010d\u00ed. Postupn\u011b jsem m\u011bl mo\u017enost poznat vina\u0159sk\u00e9 oblasti Francie, Slovinska a Gruzie \u2013 kraje s odli\u0161nou filozofi\u00ed, rytmem i vztahem k tradici. Ka\u017ed\u00e9 setk\u00e1n\u00ed zanechalo stopu a roz\u0161\u00ed\u0159ilo pohled na to, \u010d\u00edm v\u00edno m\u016f\u017ee b\u00fdt.<\/p>\n\n\n\n<h3 class=\"wp-block-heading\">Praxe a odpov\u011bdnost<\/h3>\n\n\n\n<p>Po absolvov\u00e1n\u00ed \u0161koly jsem nastoupil jako sklepmistr do rodinn\u00e9ho vina\u0159stv\u00ed Vican, kde jsem z\u00edskal zku\u0161enosti nejen s v\u00fdrobou v\u00edna, ale i s veden\u00edm lid\u00ed a cel\u00e9ho provozu. Spole\u010dn\u011b jsme dos\u00e1hli v\u00fdrazn\u00fdch \u00fasp\u011bch\u016f na vina\u0159sk\u00fdch sout\u011b\u017e\u00edch i v odborn\u00fdch hodnocen\u00edch, kter\u00e9 potvrdily, \u017ee cesta zalo\u017een\u00e1 na poctiv\u00e9 pr\u00e1ci a trp\u011blivosti m\u00e1 smysl.<\/p>\n\n\n\n<h3 class=\"wp-block-heading\">Vlastn\u00ed vina\u0159stv\u00ed dnes<\/h3>\n\n\n\n<p>V roce 2022 jsem zalo\u017eil vlastn\u00ed vina\u0159stv\u00ed \u2013 vina\u0159stv\u00ed Michal Homola. Sou\u010dasn\u011b jsem p\u0159ijal nab\u00eddku st\u00e1t se odborn\u00fdm u\u010ditelem praxe na st\u0159edn\u00ed vina\u0159sk\u00e9 \u0161kole, kde jsem t\u0159i roky p\u0159ed\u00e1val zku\u0161enosti dal\u0161\u00ed generaci. Tato etapa mi dala nadhled, schopnost pojmenov\u00e1vat procesy a znovu si kl\u00e1st ot\u00e1zky, kter\u00e9 jsou pro vina\u0159stv\u00ed z\u00e1sadn\u00ed. Dnes stoj\u00edm na vlastn\u00edch ko\u0159enech. S respektem k tradici, otev\u0159enost\u00ed k nov\u00fdm cest\u00e1m a s v\u011bdom\u00edm, \u017ee to nejd\u016fle\u017eit\u011bj\u0161\u00ed na v\u00edn\u011b se \u010dasto odehr\u00e1v\u00e1 v tichu mezi jednotliv\u00fdmi kroky.<\/p>\n<\/div>\n<\/div><\/div>\n","protected":false},"excerpt":{"rendered":"","protected":false},"author":1,"featured_media":0,"parent":0,"menu_order":3,"comment_status":"closed","ping_status":"closed","template":"","meta":{"site-sidebar-layout":"default","site-content-layout":"","ast-site-content-layout":"full-width-container","site-content-style":"default","site-sidebar-style":"default","ast-global-header-display":"","ast-banner-title-visibility":"","ast-main-header-display":"","ast-hfb-above-header-display":"","ast-hfb-below-header-display":"","ast-hfb-mobile-header-display":"","site-post-title":"disabled","ast-breadcrumbs-content":"","ast-featured-img":"","footer-sml-layout":"","ast-disable-related-posts":"","theme-transparent-header-meta":"","adv-header-id-meta":"","stick-header-meta":"","header-above-stick-meta":"","header-main-stick-meta":"","header-below-stick-meta":"","astra-migrate-meta-layouts":"default","ast-page-background-enabled":"default","ast-page-background-meta":{"desktop":{"background-color":"var(--ast-global-color-5)","background-image":"","background-repeat":"repeat","background-position":"center center","background-size":"auto","background-attachment":"scroll","background-type":"","background-media":"","overlay-type":"","overlay-color":"","overlay-opacity":"","overlay-gradient":""},"tablet":{"background-color":"","background-image":"","background-repeat":"repeat","background-position":"center center","background-size":"auto","background-attachment":"scroll","background-type":"","background-media":"","overlay-type":"","overlay-color":"","overlay-opacity":"","overlay-gradient":""},"mobile":{"background-color":"","background-image":"","background-repeat":"repeat","background-position":"center center","background-size":"auto","background-attachment":"scroll","background-type":"","background-media":"","overlay-type":"","overlay-color":"","overlay-opacity":"","overlay-gradient":""}},"ast-content-background-meta":{"desktop":{"background-color":"var(--ast-global-color-4)","background-image":"","background-repeat":"repeat","background-position":"center center","background-size":"auto","background-attachment":"scroll","background-type":"","background-media":"","overlay-type":"","overlay-color":"","overlay-opacity":"","overlay-gradient":""},"tablet":{"background-color":"var(--ast-global-color-4)","background-image":"","background-repeat":"repeat","background-position":"center center","background-size":"auto","background-attachment":"scroll","background-type":"","background-media":"","overlay-type":"","overlay-color":"","overlay-opacity":"","overlay-gradient":""},"mobile":{"background-color":"var(--ast-global-color-4)","background-image":"","background-repeat":"repeat","background-position":"center center","background-size":"auto","background-attachment":"scroll","background-type":"","background-media":"","overlay-type":"","overlay-color":"","overlay-opacity":"","overlay-gradient":""}},"footnotes":""},"class_list":["post-37","page","type-page","status-publish","hentry"],"_links":{"self":[{"href":"https:\/\/homolabulhary.cz\/index.php?rest_route=\/wp\/v2\/pages\/37","targetHints":{"allow":["GET"]}}],"collection":[{"href":"https:\/\/homolabulhary.cz\/index.php?rest_route=\/wp\/v2\/pages"}],"about":[{"href":"https:\/\/homolabulhary.cz\/index.php?rest_route=\/wp\/v2\/types\/page"}],"author":[{"embeddable":true,"href":"https:\/\/homolabulhary.cz\/index.php?rest_route=\/wp\/v2\/users\/1"}],"replies":[{"embeddable":true,"href":"https:\/\/homolabulhary.cz\/index.php?rest_route=%2Fwp%2Fv2%2Fcomments&post=37"}],"version-history":[{"count":11,"href":"https:\/\/homolabulhary.cz\/index.php?rest_route=\/wp\/v2\/pages\/37\/revisions"}],"predecessor-version":[{"id":223,"href":"https:\/\/homolabulhary.cz\/index.php?rest_route=\/wp\/v2\/pages\/37\/revisions\/223"}],"wp:attachment":[{"href":"https:\/\/homolabulhary.cz\/index.php?rest_route=%2Fwp%2Fv2%2Fmedia&parent=37"}],"curies":[{"name":"wp","href":"https:\/\/api.w.org\/{rel}","templated":true}]}}