{"id":35,"date":"2026-02-03T13:11:24","date_gmt":"2026-02-03T13:11:24","guid":{"rendered":"https:\/\/homolabulhary.cz\/?page_id=35"},"modified":"2026-02-11T14:12:54","modified_gmt":"2026-02-11T14:12:54","slug":"kdo-jsem","status":"publish","type":"page","link":"https:\/\/homolabulhary.cz\/?page_id=35","title":{"rendered":"Kdo jsem?"},"content":{"rendered":"\n<div class=\"wp-block-cover who-hero\" style=\"min-height:50vh;aspect-ratio:unset;\"><img loading=\"lazy\" decoding=\"async\" width=\"1536\" height=\"1024\" class=\"wp-block-cover__image-background wp-image-217 size-full\" alt=\"\" src=\"https:\/\/homolabulhary.cz\/wp-content\/uploads\/2026\/02\/ChatGPT-Image-11.-2.-2026-15_05_10.png\" data-object-fit=\"cover\" srcset=\"https:\/\/homolabulhary.cz\/wp-content\/uploads\/2026\/02\/ChatGPT-Image-11.-2.-2026-15_05_10.png 1536w, https:\/\/homolabulhary.cz\/wp-content\/uploads\/2026\/02\/ChatGPT-Image-11.-2.-2026-15_05_10-300x200.png 300w, https:\/\/homolabulhary.cz\/wp-content\/uploads\/2026\/02\/ChatGPT-Image-11.-2.-2026-15_05_10-1024x683.png 1024w, https:\/\/homolabulhary.cz\/wp-content\/uploads\/2026\/02\/ChatGPT-Image-11.-2.-2026-15_05_10-768x512.png 768w\" sizes=\"auto, (max-width: 1536px) 100vw, 1536px\" \/><span aria-hidden=\"true\" class=\"wp-block-cover__background has-background-dim-30 has-background-dim\"><\/span><div class=\"wp-block-cover__inner-container is-layout-constrained wp-block-cover-is-layout-constrained\">\n<div class=\"wp-block-group who-hero__centent is-layout-constrained wp-block-group-is-layout-constrained\">\n<figure class=\"wp-block-image size-full who-hero__logo\"><img loading=\"lazy\" decoding=\"async\" width=\"1024\" height=\"1024\" src=\"https:\/\/homolabulhary.cz\/wp-content\/uploads\/2026\/02\/ChatGPT-Image-4.-2.-2026-18_38_29-2.png\" alt=\"\" class=\"wp-image-224\" srcset=\"https:\/\/homolabulhary.cz\/wp-content\/uploads\/2026\/02\/ChatGPT-Image-4.-2.-2026-18_38_29-2.png 1024w, https:\/\/homolabulhary.cz\/wp-content\/uploads\/2026\/02\/ChatGPT-Image-4.-2.-2026-18_38_29-2-300x300.png 300w, https:\/\/homolabulhary.cz\/wp-content\/uploads\/2026\/02\/ChatGPT-Image-4.-2.-2026-18_38_29-2-150x150.png 150w, https:\/\/homolabulhary.cz\/wp-content\/uploads\/2026\/02\/ChatGPT-Image-4.-2.-2026-18_38_29-2-768x768.png 768w\" sizes=\"auto, (max-width: 1024px) 100vw, 1024px\" \/><\/figure>\n\n\n\n<h1 class=\"wp-block-heading\">Kdo jsem?<\/h1>\n\n\n\n<p>V\u00edno jako p\u0159\u00edb\u011bh.<\/p>\n\n\n\n<p>Vypr\u00e1v\u011bn\u00e9 \u010dasem, tichem a  sv\u011btlem.<\/p>\n\n\n\n<p>V\u00edno m\u011b prov\u00e1z\u00ed od d\u011btstv\u00ed.<\/p>\n\n\n\n<p>Dnes je pro m\u011b nekone\u010dn\u00fdm vina\u0159sk\u00fdm b\u00e1d\u00e1n\u00edm.<\/p>\n\n\n\n<p class=\"who-hero__sig\">Michal Homola<\/p>\n\n\n\n<p class=\"who-hero__place\">Bulhary<\/p>\n\n\n\n<div class=\"who-hero__divider\"><span><\/span><\/div>\n<\/div>\n<\/div><\/div>\n","protected":false},"excerpt":{"rendered":"","protected":false},"author":1,"featured_media":0,"parent":0,"menu_order":2,"comment_status":"closed","ping_status":"closed","template":"","meta":{"site-sidebar-layout":"default","site-content-layout":"","ast-site-content-layout":"full-width-container","site-content-style":"default","site-sidebar-style":"default","ast-global-header-display":"","ast-banner-title-visibility":"","ast-main-header-display":"","ast-hfb-above-header-display":"","ast-hfb-below-header-display":"","ast-hfb-mobile-header-display":"","site-post-title":"disabled","ast-breadcrumbs-content":"","ast-featured-img":"","footer-sml-layout":"","ast-disable-related-posts":"","theme-transparent-header-meta":"","adv-header-id-meta":"","stick-header-meta":"","header-above-stick-meta":"","header-main-stick-meta":"","header-below-stick-meta":"","astra-migrate-meta-layouts":"default","ast-page-background-enabled":"default","ast-page-background-meta":{"desktop":{"background-color":"var(--ast-global-color-5)","background-image":"","background-repeat":"repeat","background-position":"center center","background-size":"auto","background-attachment":"scroll","background-type":"","background-media":"","overlay-type":"","overlay-color":"","overlay-opacity":"","overlay-gradient":""},"tablet":{"background-color":"","background-image":"","background-repeat":"repeat","background-position":"center center","background-size":"auto","background-attachment":"scroll","background-type":"","background-media":"","overlay-type":"","overlay-color":"","overlay-opacity":"","overlay-gradient":""},"mobile":{"background-color":"","background-image":"","background-repeat":"repeat","background-position":"center center","background-size":"auto","background-attachment":"scroll","background-type":"","background-media":"","overlay-type":"","overlay-color":"","overlay-opacity":"","overlay-gradient":""}},"ast-content-background-meta":{"desktop":{"background-color":"var(--ast-global-color-4)","background-image":"","background-repeat":"repeat","background-position":"center center","background-size":"auto","background-attachment":"scroll","background-type":"","background-media":"","overlay-type":"","overlay-color":"","overlay-opacity":"","overlay-gradient":""},"tablet":{"background-color":"var(--ast-global-color-4)","background-image":"","background-repeat":"repeat","background-position":"center center","background-size":"auto","background-attachment":"scroll","background-type":"","background-media":"","overlay-type":"","overlay-color":"","overlay-opacity":"","overlay-gradient":""},"mobile":{"background-color":"var(--ast-global-color-4)","background-image":"","background-repeat":"repeat","background-position":"center center","background-size":"auto","background-attachment":"scroll","background-type":"","background-media":"","overlay-type":"","overlay-color":"","overlay-opacity":"","overlay-gradient":""}},"footnotes":""},"class_list":["post-35","page","type-page","status-publish","hentry"],"_links":{"self":[{"href":"https:\/\/homolabulhary.cz\/index.php?rest_route=\/wp\/v2\/pages\/35","targetHints":{"allow":["GET"]}}],"collection":[{"href":"https:\/\/homolabulhary.cz\/index.php?rest_route=\/wp\/v2\/pages"}],"about":[{"href":"https:\/\/homolabulhary.cz\/index.php?rest_route=\/wp\/v2\/types\/page"}],"author":[{"embeddable":true,"href":"https:\/\/homolabulhary.cz\/index.php?rest_route=\/wp\/v2\/users\/1"}],"replies":[{"embeddable":true,"href":"https:\/\/homolabulhary.cz\/index.php?rest_route=%2Fwp%2Fv2%2Fcomments&post=35"}],"version-history":[{"count":21,"href":"https:\/\/homolabulhary.cz\/index.php?rest_route=\/wp\/v2\/pages\/35\/revisions"}],"predecessor-version":[{"id":226,"href":"https:\/\/homolabulhary.cz\/index.php?rest_route=\/wp\/v2\/pages\/35\/revisions\/226"}],"wp:attachment":[{"href":"https:\/\/homolabulhary.cz\/index.php?rest_route=%2Fwp%2Fv2%2Fmedia&parent=35"}],"curies":[{"name":"wp","href":"https:\/\/api.w.org\/{rel}","templated":true}]}}