{"id":24,"date":"2026-02-03T12:47:46","date_gmt":"2026-02-03T12:47:46","guid":{"rendered":"https:\/\/homolabulhary.cz\/?page_id=24"},"modified":"2026-02-05T14:22:55","modified_gmt":"2026-02-05T14:22:55","slug":"domu","status":"publish","type":"page","link":"https:\/\/homolabulhary.cz\/","title":{"rendered":"Dom\u016f"},"content":{"rendered":"\n<div class=\"wp-block-cover home-hero\" style=\"min-height:100vh;aspect-ratio:unset;\"><img loading=\"lazy\" decoding=\"async\" width=\"1536\" height=\"1024\" class=\"wp-block-cover__image-background wp-image-93 size-full\" alt=\"\" src=\"https:\/\/homolabulhary.cz\/wp-content\/uploads\/2026\/02\/ChatGPT-Image-4.-2.-2026-12_36_17-3.png\" data-object-fit=\"cover\" srcset=\"https:\/\/homolabulhary.cz\/wp-content\/uploads\/2026\/02\/ChatGPT-Image-4.-2.-2026-12_36_17-3.png 1536w, https:\/\/homolabulhary.cz\/wp-content\/uploads\/2026\/02\/ChatGPT-Image-4.-2.-2026-12_36_17-3-300x200.png 300w, https:\/\/homolabulhary.cz\/wp-content\/uploads\/2026\/02\/ChatGPT-Image-4.-2.-2026-12_36_17-3-1024x683.png 1024w, https:\/\/homolabulhary.cz\/wp-content\/uploads\/2026\/02\/ChatGPT-Image-4.-2.-2026-12_36_17-3-768x512.png 768w\" sizes=\"auto, (max-width: 1536px) 100vw, 1536px\" \/><span aria-hidden=\"true\" class=\"wp-block-cover__background has-background-dim-0 has-background-dim\" style=\"background-color:#0f0c08\"><\/span><div class=\"wp-block-cover__inner-container is-layout-constrained wp-block-cover-is-layout-constrained\">\n<figure class=\"wp-block-image size-full home-hero__logo\"><img loading=\"lazy\" decoding=\"async\" width=\"1024\" height=\"1024\" src=\"https:\/\/homolabulhary.cz\/wp-content\/uploads\/2026\/02\/ChatGPT-Image-4.-2.-2026-18_38_29-1.png\" alt=\"\" class=\"wp-image-114\" style=\"object-fit:cover\" srcset=\"https:\/\/homolabulhary.cz\/wp-content\/uploads\/2026\/02\/ChatGPT-Image-4.-2.-2026-18_38_29-1.png 1024w, https:\/\/homolabulhary.cz\/wp-content\/uploads\/2026\/02\/ChatGPT-Image-4.-2.-2026-18_38_29-1-300x300.png 300w, https:\/\/homolabulhary.cz\/wp-content\/uploads\/2026\/02\/ChatGPT-Image-4.-2.-2026-18_38_29-1-150x150.png 150w, https:\/\/homolabulhary.cz\/wp-content\/uploads\/2026\/02\/ChatGPT-Image-4.-2.-2026-18_38_29-1-768x768.png 768w\" sizes=\"auto, (max-width: 1024px) 100vw, 1024px\" \/><\/figure>\n\n\n\n<h1 class=\"wp-block-heading\">Vina\u0159stv\u00ed Michal Homola<\/h1>\n\n\n\n<p class=\"home-hero__place\">BULHARY<\/p>\n\n\n\n<h2 class=\"wp-block-heading\">V\u00edno \u2013 dar boh\u016f<\/h2>\n\n\n\n<h3 class=\"wp-block-heading\">formovan\u00fd p\u0159\u00edrodou, \u010dasem a lidsk\u00fdm citem.<\/h3>\n\n\n\n<div class=\"home-hero__divider\"><span><\/span><\/div>\n<\/div><\/div>\n","protected":false},"excerpt":{"rendered":"","protected":false},"author":1,"featured_media":0,"parent":0,"menu_order":0,"comment_status":"closed","ping_status":"closed","template":"","meta":{"site-sidebar-layout":"no-sidebar","site-content-layout":"","ast-site-content-layout":"full-width-container","site-content-style":"default","site-sidebar-style":"default","ast-global-header-display":"","ast-banner-title-visibility":"disabled","ast-main-header-display":"","ast-hfb-above-header-display":"","ast-hfb-below-header-display":"","ast-hfb-mobile-header-display":"","site-post-title":"disabled","ast-breadcrumbs-content":"","ast-featured-img":"","footer-sml-layout":"","ast-disable-related-posts":"","theme-transparent-header-meta":"","adv-header-id-meta":"","stick-header-meta":"","header-above-stick-meta":"","header-main-stick-meta":"","header-below-stick-meta":"","astra-migrate-meta-layouts":"default","ast-page-background-enabled":"default","ast-page-background-meta":{"desktop":{"background-color":"var(--ast-global-color-5)","background-image":"","background-repeat":"repeat","background-position":"center center","background-size":"auto","background-attachment":"scroll","background-type":"","background-media":"","overlay-type":"","overlay-color":"","overlay-opacity":"","overlay-gradient":""},"tablet":{"background-color":"","background-image":"","background-repeat":"repeat","background-position":"center center","background-size":"auto","background-attachment":"scroll","background-type":"","background-media":"","overlay-type":"","overlay-color":"","overlay-opacity":"","overlay-gradient":""},"mobile":{"background-color":"","background-image":"","background-repeat":"repeat","background-position":"center center","background-size":"auto","background-attachment":"scroll","background-type":"","background-media":"","overlay-type":"","overlay-color":"","overlay-opacity":"","overlay-gradient":""}},"ast-content-background-meta":{"desktop":{"background-color":"var(--ast-global-color-4)","background-image":"","background-repeat":"repeat","background-position":"center center","background-size":"auto","background-attachment":"scroll","background-type":"","background-media":"","overlay-type":"","overlay-color":"","overlay-opacity":"","overlay-gradient":""},"tablet":{"background-color":"var(--ast-global-color-4)","background-image":"","background-repeat":"repeat","background-position":"center center","background-size":"auto","background-attachment":"scroll","background-type":"","background-media":"","overlay-type":"","overlay-color":"","overlay-opacity":"","overlay-gradient":""},"mobile":{"background-color":"var(--ast-global-color-4)","background-image":"","background-repeat":"repeat","background-position":"center center","background-size":"auto","background-attachment":"scroll","background-type":"","background-media":"","overlay-type":"","overlay-color":"","overlay-opacity":"","overlay-gradient":""}},"footnotes":""},"class_list":["post-24","page","type-page","status-publish","hentry"],"_links":{"self":[{"href":"https:\/\/homolabulhary.cz\/index.php?rest_route=\/wp\/v2\/pages\/24","targetHints":{"allow":["GET"]}}],"collection":[{"href":"https:\/\/homolabulhary.cz\/index.php?rest_route=\/wp\/v2\/pages"}],"about":[{"href":"https:\/\/homolabulhary.cz\/index.php?rest_route=\/wp\/v2\/types\/page"}],"author":[{"embeddable":true,"href":"https:\/\/homolabulhary.cz\/index.php?rest_route=\/wp\/v2\/users\/1"}],"replies":[{"embeddable":true,"href":"https:\/\/homolabulhary.cz\/index.php?rest_route=%2Fwp%2Fv2%2Fcomments&post=24"}],"version-history":[{"count":15,"href":"https:\/\/homolabulhary.cz\/index.php?rest_route=\/wp\/v2\/pages\/24\/revisions"}],"predecessor-version":[{"id":156,"href":"https:\/\/homolabulhary.cz\/index.php?rest_route=\/wp\/v2\/pages\/24\/revisions\/156"}],"wp:attachment":[{"href":"https:\/\/homolabulhary.cz\/index.php?rest_route=%2Fwp%2Fv2%2Fmedia&parent=24"}],"curies":[{"name":"wp","href":"https:\/\/api.w.org\/{rel}","templated":true}]}}